{"id":2,"date":"2021-12-07T12:00:13","date_gmt":"2021-12-07T11:00:13","guid":{"rendered":"https:\/\/www.blitz-re.in\/?page_id=2"},"modified":"2025-11-21T10:11:59","modified_gmt":"2025-11-21T09:11:59","slug":"gebaeudedienstleister","status":"publish","type":"page","link":"https:\/\/www.blitz-re.in\/","title":{"rendered":""},"content":{"rendered":"\n<h2 class=\"wp-block-heading\"><strong>Willkommen bei Blitz-Rein<\/strong><\/h2>\n\n\n\n<p>Wir sorgen daf\u00fcr, dass Ihre Geb\u00e4ude nicht nur sauber aussehen, sondern sauber sind. <\/p>\n\n\n\n<p>Als Geb\u00e4udemanager \u00fcbernehmen wir Unterhalts-, Grund- und Glasreinigung und bieten branchenspezifische L\u00f6sungen an \u2013 von der maschinellen Reinigung von Verkehrsfl\u00e4chen (Treppen, Flure, R\u00e4ume) \u00fcber die komplette Sanit\u00e4rreinigung und Desinfektion bis hin zur bezugsfertigen Baureinigung.<\/p>\n\n\n\n<figure class=\"wp-block-image size-full is-style-default\"><img loading=\"lazy\" decoding=\"async\" width=\"2000\" height=\"1108\" src=\"https:\/\/www.blitz-re.in\/wp-content\/uploads\/2025\/11\/kalenderblatt.jpg\" alt=\"\" class=\"wp-image-203\"\/><\/figure>\n\n\n\n<p>Zu unseren langj\u00e4hrigen und zufriedenen Vertragspartnern geh\u00f6ren unter anderem:<\/p>\n\n\n\n<ul class=\"wp-block-list\">\n<li>FR\u00d6BEL Bildung und Erziehung (3 Kitas, 1 Hort)<\/li>\n\n\n\n<li>Waldorf P\u00e4dagogik (Schule, Kindergarten)<\/li>\n\n\n\n<li>Gronenfelder Werkst\u00e4tten<\/li>\n\n\n\n<li>Wildpark Frankfurt (Oder)<\/li>\n<\/ul>\n\n\n\n<p>Unser Service richtet sich an:<\/p>\n\n\n\n<ul class=\"wp-block-list\">\n<li>Kinderg\u00e4rten, Schulen und Gymnasien<\/li>\n\n\n\n<li>Universit\u00e4ten<\/li>\n\n\n\n<li>Sonderp\u00e4dagogische Einrichtungen<\/li>\n\n\n\n<li>Seniorenheime<\/li>\n\n\n\n<li>Vereinsgeb\u00e4ude<\/li>\n\n\n\n<li>Asyl- und Gemeinschaftsunterk\u00fcnfte<\/li>\n\n\n\n<li>Ladengesch\u00e4fte und Filialbetriebe<\/li>\n\n\n\n<li>Firmen- und Verwaltungsgeb\u00e4ude<\/li>\n<\/ul>\n\n\n\n<p>Kontaktieren Sie uns, und wir erarbeiten gemeinsam ein Angebot, das genau zu Ihrem Bedarf passt.<\/p>\n","protected":false},"excerpt":{"rendered":"<p>Willkommen bei Blitz-Rein Wir sorgen daf\u00fcr, dass Ihre Geb\u00e4ude nicht nur sauber aussehen, sondern sauber sind. Als Geb\u00e4udemanager \u00fcbernehmen wir Unterhalts-, Grund- und Glasreinigung und bieten branchenspezifische L\u00f6sungen an \u2013 von der maschinellen Reinigung von Verkehrsfl\u00e4chen (Treppen, Flure, R\u00e4ume) \u00fcber die komplette Sanit\u00e4rreinigung und Desinfektion bis hin zur bezugsfertigen Baureinigung. Zu unseren langj\u00e4hrigen und zufriedenen [&hellip;]<\/p>\n","protected":false},"author":1,"featured_media":0,"parent":0,"menu_order":0,"comment_status":"closed","ping_status":"closed","template":"","meta":{"footnotes":""},"class_list":["post-2","page","type-page","status-publish","hentry"],"_links":{"self":[{"href":"https:\/\/www.blitz-re.in\/index.php?rest_route=\/wp\/v2\/pages\/2","targetHints":{"allow":["GET"]}}],"collection":[{"href":"https:\/\/www.blitz-re.in\/index.php?rest_route=\/wp\/v2\/pages"}],"about":[{"href":"https:\/\/www.blitz-re.in\/index.php?rest_route=\/wp\/v2\/types\/page"}],"author":[{"embeddable":true,"href":"https:\/\/www.blitz-re.in\/index.php?rest_route=\/wp\/v2\/users\/1"}],"replies":[{"embeddable":true,"href":"https:\/\/www.blitz-re.in\/index.php?rest_route=%2Fwp%2Fv2%2Fcomments&post=2"}],"version-history":[{"count":21,"href":"https:\/\/www.blitz-re.in\/index.php?rest_route=\/wp\/v2\/pages\/2\/revisions"}],"predecessor-version":[{"id":207,"href":"https:\/\/www.blitz-re.in\/index.php?rest_route=\/wp\/v2\/pages\/2\/revisions\/207"}],"wp:attachment":[{"href":"https:\/\/www.blitz-re.in\/index.php?rest_route=%2Fwp%2Fv2%2Fmedia&parent=2"}],"curies":[{"name":"wp","href":"https:\/\/api.w.org\/{rel}","templated":true}]}}