{"id":58,"date":"2022-01-17T20:23:52","date_gmt":"2022-01-17T19:23:52","guid":{"rendered":"https:\/\/www.blitz-re.in\/?page_id=58"},"modified":"2025-11-21T11:03:55","modified_gmt":"2025-11-21T10:03:55","slug":"grundreinigung","status":"publish","type":"page","link":"https:\/\/www.blitz-re.in\/?page_id=58","title":{"rendered":"Grundreinigung"},"content":{"rendered":"\n<h2 class=\"wp-block-heading\">Grundreinigung: sauber, gesch\u00fctzt, werterhaltend<\/h2>\n\n\n\n<p>Bei der Grundreinigung entfernen wir tiefsitzende Verschmutzungen und alte Pflegefilme von allen g\u00e4ngigen Bodenbel\u00e4gen \u2013 ob PVC, Kautschuk, Linoleum, Parkett, Laminat oder Stein.<\/p>\n\n\n\n<p>Im Anschluss wird der Boden mit einer hochwertigen Pflegedispersion neu beschichtet oder \u2013 bei Parkett \u2013 fachgerecht versiegelt. Das Ergebnis: eine sichtbar verbesserte Optik und ein langfristiger Schutz der Oberfl\u00e4che.<\/p>\n\n\n\n<p>Unsere Grundreinigungen f\u00fchren wir auch in Nass- und Spezialbereichen durch, etwa in Sanit\u00e4r- und Duschanlagen, Schwimmb\u00e4dern oder industriellen Bereichen. So bleibt Ihr Boden dauerhaft wertbest\u00e4ndig und vor \u00e4u\u00dferen Einfl\u00fcssen gesch\u00fctzt.<\/p>\n\n\n\n<p>Nachfolgend finden Sie eine Auswahl unserer <strong>Referenzarbeiten<\/strong>.<\/p>\n\n\n\n<p><strong>Beispiel &#8211; Grundreinigung Kita<\/strong><\/p>\n\n\n\n<figure class=\"wp-block-gallery has-nested-images columns-4 is-cropped wp-block-gallery-1 is-layout-flex wp-block-gallery-is-layout-flex\">\n<figure class=\"wp-block-image size-large\"><img loading=\"lazy\" decoding=\"async\" width=\"300\" height=\"400\" data-id=\"250\" src=\"https:\/\/www.blitz-re.in\/wp-content\/uploads\/2025\/11\/email1728907850872IMG_0574_small.jpg\" alt=\"\" class=\"wp-image-250\"\/><\/figure>\n\n\n\n<figure class=\"wp-block-image size-large\"><img loading=\"lazy\" decoding=\"async\" width=\"300\" height=\"400\" data-id=\"251\" src=\"https:\/\/www.blitz-re.in\/wp-content\/uploads\/2025\/11\/email1728907873526IMG_0611_small.jpg\" alt=\"\" class=\"wp-image-251\"\/><\/figure>\n\n\n\n<figure class=\"wp-block-image size-large\"><img loading=\"lazy\" decoding=\"async\" width=\"300\" height=\"400\" data-id=\"252\" src=\"https:\/\/www.blitz-re.in\/wp-content\/uploads\/2025\/11\/email1728907883735IMG_0612_small.jpg\" alt=\"\" class=\"wp-image-252\"\/><\/figure>\n\n\n\n<figure class=\"wp-block-image size-large\"><img loading=\"lazy\" decoding=\"async\" width=\"300\" height=\"400\" data-id=\"253\" src=\"https:\/\/www.blitz-re.in\/wp-content\/uploads\/2025\/11\/email1728907893695IMG_0613_small.jpg\" alt=\"\" class=\"wp-image-253\"\/><\/figure>\n\n\n\n<figure class=\"wp-block-image size-large\"><img loading=\"lazy\" decoding=\"async\" width=\"300\" height=\"400\" data-id=\"244\" src=\"https:\/\/www.blitz-re.in\/wp-content\/uploads\/2025\/11\/email1728907776970IMG_0568_small.jpg\" alt=\"\" class=\"wp-image-244\"\/><\/figure>\n\n\n\n<figure class=\"wp-block-image size-large\"><img loading=\"lazy\" decoding=\"async\" width=\"300\" height=\"400\" data-id=\"245\" src=\"https:\/\/www.blitz-re.in\/wp-content\/uploads\/2025\/11\/email1728907788591IMG_0569_small.jpg\" alt=\"\" class=\"wp-image-245\"\/><\/figure>\n\n\n\n<figure class=\"wp-block-image size-large\"><img loading=\"lazy\" decoding=\"async\" width=\"300\" height=\"400\" data-id=\"246\" src=\"https:\/\/www.blitz-re.in\/wp-content\/uploads\/2025\/11\/email1728907806904IMG_0570_small.jpg\" alt=\"\" class=\"wp-image-246\"\/><\/figure>\n\n\n\n<figure class=\"wp-block-image size-large\"><img loading=\"lazy\" decoding=\"async\" width=\"300\" height=\"400\" data-id=\"247\" src=\"https:\/\/www.blitz-re.in\/wp-content\/uploads\/2025\/11\/email1728907821335IMG_0571_small.jpg\" alt=\"\" class=\"wp-image-247\"\/><\/figure>\n\n\n\n<figure class=\"wp-block-image size-large\"><img loading=\"lazy\" decoding=\"async\" width=\"300\" height=\"400\" data-id=\"248\" src=\"https:\/\/www.blitz-re.in\/wp-content\/uploads\/2025\/11\/email1728907832741IMG_0572_small.jpg\" alt=\"\" class=\"wp-image-248\"\/><\/figure>\n\n\n\n<figure class=\"wp-block-image size-large\"><img loading=\"lazy\" decoding=\"async\" width=\"300\" height=\"400\" data-id=\"249\" src=\"https:\/\/www.blitz-re.in\/wp-content\/uploads\/2025\/11\/email1728907841941IMG_0573_small.jpg\" alt=\"\" class=\"wp-image-249\"\/><\/figure>\n<\/figure>\n\n\n\n<p><strong>Beispiel &#8211; Elastische Bodensanierung<\/strong><\/p>\n\n\n\n<figure class=\"wp-block-gallery has-nested-images columns-2 is-cropped wp-block-gallery-2 is-layout-flex wp-block-gallery-is-layout-flex\">\n<figure class=\"wp-block-image size-large\"><img loading=\"lazy\" decoding=\"async\" width=\"1024\" height=\"768\" data-id=\"162\" src=\"https:\/\/www.blitz-re.in\/wp-content\/uploads\/2022\/02\/IMG_0446-1.jpg\" alt=\"\" class=\"wp-image-162\" srcset=\"https:\/\/www.blitz-re.in\/wp-content\/uploads\/2022\/02\/IMG_0446-1.jpg 1024w, https:\/\/www.blitz-re.in\/wp-content\/uploads\/2022\/02\/IMG_0446-1-300x225.jpg 300w, https:\/\/www.blitz-re.in\/wp-content\/uploads\/2022\/02\/IMG_0446-1-768x576.jpg 768w\" sizes=\"auto, (max-width: 1024px) 100vw, 1024px\" \/><\/figure>\n\n\n\n<figure class=\"wp-block-image size-large\"><img loading=\"lazy\" decoding=\"async\" width=\"1024\" height=\"692\" data-id=\"163\" src=\"https:\/\/www.blitz-re.in\/wp-content\/uploads\/2022\/02\/IMG_0447-1-1024x692.jpg\" alt=\"\" class=\"wp-image-163\" srcset=\"https:\/\/www.blitz-re.in\/wp-content\/uploads\/2022\/02\/IMG_0447-1-1024x692.jpg 1024w, https:\/\/www.blitz-re.in\/wp-content\/uploads\/2022\/02\/IMG_0447-1-300x203.jpg 300w, https:\/\/www.blitz-re.in\/wp-content\/uploads\/2022\/02\/IMG_0447-1-768x519.jpg 768w, https:\/\/www.blitz-re.in\/wp-content\/uploads\/2022\/02\/IMG_0447-1.jpg 1170w\" sizes=\"auto, (max-width: 1024px) 100vw, 1024px\" \/><\/figure>\n\n\n\n<figure class=\"wp-block-image size-large\"><img loading=\"lazy\" decoding=\"async\" width=\"1024\" height=\"768\" data-id=\"164\" src=\"https:\/\/www.blitz-re.in\/wp-content\/uploads\/2022\/02\/IMG_0448-1.jpg\" alt=\"\" class=\"wp-image-164\" srcset=\"https:\/\/www.blitz-re.in\/wp-content\/uploads\/2022\/02\/IMG_0448-1.jpg 1024w, https:\/\/www.blitz-re.in\/wp-content\/uploads\/2022\/02\/IMG_0448-1-300x225.jpg 300w, https:\/\/www.blitz-re.in\/wp-content\/uploads\/2022\/02\/IMG_0448-1-768x576.jpg 768w\" sizes=\"auto, (max-width: 1024px) 100vw, 1024px\" \/><\/figure>\n<\/figure>\n\n\n\n<p><strong>Beispiel &#8211; Grundreinigung Waldorf Kita in Franfurt (Order)<\/strong><\/p>\n\n\n\n<figure class=\"wp-block-gallery has-nested-images columns-4 is-cropped wp-block-gallery-3 is-layout-flex wp-block-gallery-is-layout-flex\">\n<figure class=\"wp-block-image size-large\"><img loading=\"lazy\" decoding=\"async\" width=\"768\" height=\"1024\" data-id=\"180\" src=\"https:\/\/www.blitz-re.in\/wp-content\/uploads\/2023\/04\/IMG_4406-768x1024.jpg\" alt=\"\" class=\"wp-image-180\" srcset=\"https:\/\/www.blitz-re.in\/wp-content\/uploads\/2023\/04\/IMG_4406-768x1024.jpg 768w, https:\/\/www.blitz-re.in\/wp-content\/uploads\/2023\/04\/IMG_4406-225x300.jpg 225w, https:\/\/www.blitz-re.in\/wp-content\/uploads\/2023\/04\/IMG_4406-1152x1536.jpg 1152w, https:\/\/www.blitz-re.in\/wp-content\/uploads\/2023\/04\/IMG_4406.jpg 1512w\" sizes=\"auto, (max-width: 768px) 100vw, 768px\" \/><\/figure>\n\n\n\n<figure class=\"wp-block-image size-large\"><img loading=\"lazy\" decoding=\"async\" width=\"768\" height=\"1024\" data-id=\"184\" src=\"https:\/\/www.blitz-re.in\/wp-content\/uploads\/2023\/04\/IMG_4407-768x1024.jpg\" alt=\"\" class=\"wp-image-184\" srcset=\"https:\/\/www.blitz-re.in\/wp-content\/uploads\/2023\/04\/IMG_4407-768x1024.jpg 768w, https:\/\/www.blitz-re.in\/wp-content\/uploads\/2023\/04\/IMG_4407-225x300.jpg 225w, https:\/\/www.blitz-re.in\/wp-content\/uploads\/2023\/04\/IMG_4407-1152x1536.jpg 1152w, https:\/\/www.blitz-re.in\/wp-content\/uploads\/2023\/04\/IMG_4407.jpg 1512w\" sizes=\"auto, (max-width: 768px) 100vw, 768px\" \/><\/figure>\n\n\n\n<figure class=\"wp-block-image size-medium\"><img loading=\"lazy\" decoding=\"async\" width=\"225\" height=\"300\" data-id=\"181\" src=\"https:\/\/www.blitz-re.in\/wp-content\/uploads\/2023\/04\/IMG_4410-225x300.jpg\" alt=\"\" class=\"wp-image-181\" srcset=\"https:\/\/www.blitz-re.in\/wp-content\/uploads\/2023\/04\/IMG_4410-225x300.jpg 225w, https:\/\/www.blitz-re.in\/wp-content\/uploads\/2023\/04\/IMG_4410-768x1024.jpg 768w, https:\/\/www.blitz-re.in\/wp-content\/uploads\/2023\/04\/IMG_4410-1152x1536.jpg 1152w, https:\/\/www.blitz-re.in\/wp-content\/uploads\/2023\/04\/IMG_4410.jpg 1512w\" sizes=\"auto, (max-width: 225px) 100vw, 225px\" \/><\/figure>\n\n\n\n<figure class=\"wp-block-image size-large\"><img loading=\"lazy\" decoding=\"async\" width=\"768\" height=\"1024\" data-id=\"183\" src=\"https:\/\/www.blitz-re.in\/wp-content\/uploads\/2023\/04\/IMG_4411-768x1024.jpg\" alt=\"\" class=\"wp-image-183\" srcset=\"https:\/\/www.blitz-re.in\/wp-content\/uploads\/2023\/04\/IMG_4411-768x1024.jpg 768w, https:\/\/www.blitz-re.in\/wp-content\/uploads\/2023\/04\/IMG_4411-225x300.jpg 225w, https:\/\/www.blitz-re.in\/wp-content\/uploads\/2023\/04\/IMG_4411-1152x1536.jpg 1152w, https:\/\/www.blitz-re.in\/wp-content\/uploads\/2023\/04\/IMG_4411.jpg 1512w\" sizes=\"auto, (max-width: 768px) 100vw, 768px\" \/><\/figure>\n\n\n\n<figure class=\"wp-block-image size-large\"><img loading=\"lazy\" decoding=\"async\" width=\"1024\" height=\"1024\" data-id=\"179\" src=\"https:\/\/www.blitz-re.in\/wp-content\/uploads\/2023\/04\/IMG_4412-1024x1024.jpg\" alt=\"\" class=\"wp-image-179\" srcset=\"https:\/\/www.blitz-re.in\/wp-content\/uploads\/2023\/04\/IMG_4412-1024x1024.jpg 1024w, https:\/\/www.blitz-re.in\/wp-content\/uploads\/2023\/04\/IMG_4412-300x300.jpg 300w, https:\/\/www.blitz-re.in\/wp-content\/uploads\/2023\/04\/IMG_4412-150x150.jpg 150w, https:\/\/www.blitz-re.in\/wp-content\/uploads\/2023\/04\/IMG_4412-768x768.jpg 768w, https:\/\/www.blitz-re.in\/wp-content\/uploads\/2023\/04\/IMG_4412.jpg 1512w\" sizes=\"auto, (max-width: 1024px) 100vw, 1024px\" \/><\/figure>\n\n\n\n<figure class=\"wp-block-image size-large\"><img loading=\"lazy\" decoding=\"async\" width=\"768\" height=\"1024\" data-id=\"182\" src=\"https:\/\/www.blitz-re.in\/wp-content\/uploads\/2023\/04\/IMG_4414-768x1024.jpg\" alt=\"\" class=\"wp-image-182\" srcset=\"https:\/\/www.blitz-re.in\/wp-content\/uploads\/2023\/04\/IMG_4414-768x1024.jpg 768w, https:\/\/www.blitz-re.in\/wp-content\/uploads\/2023\/04\/IMG_4414-225x300.jpg 225w, https:\/\/www.blitz-re.in\/wp-content\/uploads\/2023\/04\/IMG_4414-1152x1536.jpg 1152w, https:\/\/www.blitz-re.in\/wp-content\/uploads\/2023\/04\/IMG_4414.jpg 1512w\" sizes=\"auto, (max-width: 768px) 100vw, 768px\" \/><\/figure>\n\n\n\n<figure class=\"wp-block-image size-large\"><img loading=\"lazy\" decoding=\"async\" width=\"768\" height=\"1024\" data-id=\"185\" src=\"https:\/\/www.blitz-re.in\/wp-content\/uploads\/2023\/04\/IMG_4415-768x1024.jpg\" alt=\"\" class=\"wp-image-185\" srcset=\"https:\/\/www.blitz-re.in\/wp-content\/uploads\/2023\/04\/IMG_4415-768x1024.jpg 768w, https:\/\/www.blitz-re.in\/wp-content\/uploads\/2023\/04\/IMG_4415-225x300.jpg 225w, https:\/\/www.blitz-re.in\/wp-content\/uploads\/2023\/04\/IMG_4415-1152x1536.jpg 1152w, https:\/\/www.blitz-re.in\/wp-content\/uploads\/2023\/04\/IMG_4415.jpg 1512w\" sizes=\"auto, (max-width: 768px) 100vw, 768px\" \/><\/figure>\n\n\n\n<figure class=\"wp-block-image size-large\"><img loading=\"lazy\" decoding=\"async\" width=\"768\" height=\"1024\" data-id=\"186\" src=\"https:\/\/www.blitz-re.in\/wp-content\/uploads\/2023\/04\/IMG_4416-768x1024.jpg\" alt=\"\" class=\"wp-image-186\" srcset=\"https:\/\/www.blitz-re.in\/wp-content\/uploads\/2023\/04\/IMG_4416-768x1024.jpg 768w, https:\/\/www.blitz-re.in\/wp-content\/uploads\/2023\/04\/IMG_4416-225x300.jpg 225w, https:\/\/www.blitz-re.in\/wp-content\/uploads\/2023\/04\/IMG_4416-1152x1536.jpg 1152w, https:\/\/www.blitz-re.in\/wp-content\/uploads\/2023\/04\/IMG_4416.jpg 1512w\" sizes=\"auto, (max-width: 768px) 100vw, 768px\" \/><\/figure>\n\n\n\n<figure class=\"wp-block-image size-large\"><img loading=\"lazy\" decoding=\"async\" width=\"768\" height=\"1024\" data-id=\"187\" src=\"https:\/\/www.blitz-re.in\/wp-content\/uploads\/2023\/04\/IMG_4417-768x1024.jpg\" alt=\"\" class=\"wp-image-187\" srcset=\"https:\/\/www.blitz-re.in\/wp-content\/uploads\/2023\/04\/IMG_4417-768x1024.jpg 768w, https:\/\/www.blitz-re.in\/wp-content\/uploads\/2023\/04\/IMG_4417-225x300.jpg 225w, https:\/\/www.blitz-re.in\/wp-content\/uploads\/2023\/04\/IMG_4417-1152x1536.jpg 1152w, https:\/\/www.blitz-re.in\/wp-content\/uploads\/2023\/04\/IMG_4417.jpg 1512w\" sizes=\"auto, (max-width: 768px) 100vw, 768px\" \/><\/figure>\n\n\n\n<figure class=\"wp-block-image size-large\"><img loading=\"lazy\" decoding=\"async\" width=\"768\" height=\"1024\" data-id=\"188\" src=\"https:\/\/www.blitz-re.in\/wp-content\/uploads\/2023\/04\/IMG_4418-768x1024.jpg\" alt=\"\" class=\"wp-image-188\" srcset=\"https:\/\/www.blitz-re.in\/wp-content\/uploads\/2023\/04\/IMG_4418-768x1024.jpg 768w, https:\/\/www.blitz-re.in\/wp-content\/uploads\/2023\/04\/IMG_4418-225x300.jpg 225w, https:\/\/www.blitz-re.in\/wp-content\/uploads\/2023\/04\/IMG_4418-1152x1536.jpg 1152w, https:\/\/www.blitz-re.in\/wp-content\/uploads\/2023\/04\/IMG_4418.jpg 1512w\" sizes=\"auto, (max-width: 768px) 100vw, 768px\" \/><\/figure>\n\n\n\n<figure class=\"wp-block-image size-large\"><img loading=\"lazy\" decoding=\"async\" width=\"768\" height=\"1024\" data-id=\"189\" src=\"https:\/\/www.blitz-re.in\/wp-content\/uploads\/2023\/04\/IMG_4419-768x1024.jpg\" alt=\"\" class=\"wp-image-189\" srcset=\"https:\/\/www.blitz-re.in\/wp-content\/uploads\/2023\/04\/IMG_4419-768x1024.jpg 768w, https:\/\/www.blitz-re.in\/wp-content\/uploads\/2023\/04\/IMG_4419-225x300.jpg 225w, https:\/\/www.blitz-re.in\/wp-content\/uploads\/2023\/04\/IMG_4419-1152x1536.jpg 1152w, https:\/\/www.blitz-re.in\/wp-content\/uploads\/2023\/04\/IMG_4419.jpg 1512w\" sizes=\"auto, (max-width: 768px) 100vw, 768px\" \/><\/figure>\n\n\n\n<figure class=\"wp-block-image size-large\"><img loading=\"lazy\" decoding=\"async\" width=\"768\" height=\"1024\" data-id=\"190\" src=\"https:\/\/www.blitz-re.in\/wp-content\/uploads\/2023\/04\/IMG_4420-768x1024.jpg\" alt=\"\" class=\"wp-image-190\" srcset=\"https:\/\/www.blitz-re.in\/wp-content\/uploads\/2023\/04\/IMG_4420-768x1024.jpg 768w, https:\/\/www.blitz-re.in\/wp-content\/uploads\/2023\/04\/IMG_4420-225x300.jpg 225w, https:\/\/www.blitz-re.in\/wp-content\/uploads\/2023\/04\/IMG_4420-1152x1536.jpg 1152w, https:\/\/www.blitz-re.in\/wp-content\/uploads\/2023\/04\/IMG_4420.jpg 1512w\" sizes=\"auto, (max-width: 768px) 100vw, 768px\" \/><\/figure>\n\n\n\n<figure class=\"wp-block-image size-large\"><img loading=\"lazy\" decoding=\"async\" width=\"768\" height=\"1024\" data-id=\"191\" src=\"https:\/\/www.blitz-re.in\/wp-content\/uploads\/2023\/04\/IMG_4421-768x1024.jpg\" alt=\"\" class=\"wp-image-191\" srcset=\"https:\/\/www.blitz-re.in\/wp-content\/uploads\/2023\/04\/IMG_4421-768x1024.jpg 768w, https:\/\/www.blitz-re.in\/wp-content\/uploads\/2023\/04\/IMG_4421-225x300.jpg 225w, https:\/\/www.blitz-re.in\/wp-content\/uploads\/2023\/04\/IMG_4421-1152x1536.jpg 1152w, https:\/\/www.blitz-re.in\/wp-content\/uploads\/2023\/04\/IMG_4421.jpg 1512w\" sizes=\"auto, (max-width: 768px) 100vw, 768px\" \/><\/figure>\n\n\n\n<figure class=\"wp-block-image size-large\"><img loading=\"lazy\" decoding=\"async\" width=\"768\" height=\"1024\" data-id=\"192\" src=\"https:\/\/www.blitz-re.in\/wp-content\/uploads\/2023\/04\/IMG_4428-768x1024.jpg\" alt=\"\" class=\"wp-image-192\" srcset=\"https:\/\/www.blitz-re.in\/wp-content\/uploads\/2023\/04\/IMG_4428-768x1024.jpg 768w, https:\/\/www.blitz-re.in\/wp-content\/uploads\/2023\/04\/IMG_4428-225x300.jpg 225w, https:\/\/www.blitz-re.in\/wp-content\/uploads\/2023\/04\/IMG_4428-1152x1536.jpg 1152w, https:\/\/www.blitz-re.in\/wp-content\/uploads\/2023\/04\/IMG_4428.jpg 1512w\" sizes=\"auto, (max-width: 768px) 100vw, 768px\" \/><\/figure>\n\n\n\n<figure class=\"wp-block-image size-large\"><img loading=\"lazy\" decoding=\"async\" width=\"768\" height=\"1024\" data-id=\"193\" src=\"https:\/\/www.blitz-re.in\/wp-content\/uploads\/2023\/04\/IMG_4433-768x1024.jpg\" alt=\"\" class=\"wp-image-193\" srcset=\"https:\/\/www.blitz-re.in\/wp-content\/uploads\/2023\/04\/IMG_4433-768x1024.jpg 768w, https:\/\/www.blitz-re.in\/wp-content\/uploads\/2023\/04\/IMG_4433-225x300.jpg 225w, https:\/\/www.blitz-re.in\/wp-content\/uploads\/2023\/04\/IMG_4433-1152x1536.jpg 1152w, https:\/\/www.blitz-re.in\/wp-content\/uploads\/2023\/04\/IMG_4433.jpg 1512w\" sizes=\"auto, (max-width: 768px) 100vw, 768px\" \/><\/figure>\n\n\n\n<figure class=\"wp-block-image size-large\"><img loading=\"lazy\" decoding=\"async\" width=\"768\" height=\"1024\" data-id=\"194\" src=\"https:\/\/www.blitz-re.in\/wp-content\/uploads\/2023\/04\/IMG_4438-768x1024.jpg\" alt=\"\" class=\"wp-image-194\" srcset=\"https:\/\/www.blitz-re.in\/wp-content\/uploads\/2023\/04\/IMG_4438-768x1024.jpg 768w, https:\/\/www.blitz-re.in\/wp-content\/uploads\/2023\/04\/IMG_4438-225x300.jpg 225w, https:\/\/www.blitz-re.in\/wp-content\/uploads\/2023\/04\/IMG_4438-1152x1536.jpg 1152w, https:\/\/www.blitz-re.in\/wp-content\/uploads\/2023\/04\/IMG_4438.jpg 1512w\" sizes=\"auto, (max-width: 768px) 100vw, 768px\" \/><\/figure>\n\n\n\n<figure class=\"wp-block-image size-large\"><img loading=\"lazy\" decoding=\"async\" width=\"768\" height=\"1024\" data-id=\"195\" src=\"https:\/\/www.blitz-re.in\/wp-content\/uploads\/2023\/04\/IMG_4439-768x1024.jpg\" alt=\"\" class=\"wp-image-195\" srcset=\"https:\/\/www.blitz-re.in\/wp-content\/uploads\/2023\/04\/IMG_4439-768x1024.jpg 768w, https:\/\/www.blitz-re.in\/wp-content\/uploads\/2023\/04\/IMG_4439-225x300.jpg 225w, https:\/\/www.blitz-re.in\/wp-content\/uploads\/2023\/04\/IMG_4439-1152x1536.jpg 1152w, https:\/\/www.blitz-re.in\/wp-content\/uploads\/2023\/04\/IMG_4439.jpg 1512w\" sizes=\"auto, (max-width: 768px) 100vw, 768px\" \/><\/figure>\n\n\n\n<figure class=\"wp-block-image size-large\"><img loading=\"lazy\" decoding=\"async\" width=\"768\" height=\"1024\" data-id=\"196\" src=\"https:\/\/www.blitz-re.in\/wp-content\/uploads\/2023\/04\/IMG_4442-768x1024.jpg\" alt=\"\" class=\"wp-image-196\" srcset=\"https:\/\/www.blitz-re.in\/wp-content\/uploads\/2023\/04\/IMG_4442-768x1024.jpg 768w, https:\/\/www.blitz-re.in\/wp-content\/uploads\/2023\/04\/IMG_4442-225x300.jpg 225w, https:\/\/www.blitz-re.in\/wp-content\/uploads\/2023\/04\/IMG_4442-1152x1536.jpg 1152w, https:\/\/www.blitz-re.in\/wp-content\/uploads\/2023\/04\/IMG_4442.jpg 1512w\" sizes=\"auto, (max-width: 768px) 100vw, 768px\" \/><\/figure>\n\n\n\n<figure class=\"wp-block-image size-large\"><img loading=\"lazy\" decoding=\"async\" width=\"768\" height=\"1024\" data-id=\"197\" src=\"https:\/\/www.blitz-re.in\/wp-content\/uploads\/2023\/04\/IMG_4443-768x1024.jpg\" alt=\"\" class=\"wp-image-197\" srcset=\"https:\/\/www.blitz-re.in\/wp-content\/uploads\/2023\/04\/IMG_4443-768x1024.jpg 768w, https:\/\/www.blitz-re.in\/wp-content\/uploads\/2023\/04\/IMG_4443-225x300.jpg 225w, https:\/\/www.blitz-re.in\/wp-content\/uploads\/2023\/04\/IMG_4443-1152x1536.jpg 1152w, https:\/\/www.blitz-re.in\/wp-content\/uploads\/2023\/04\/IMG_4443.jpg 1512w\" sizes=\"auto, (max-width: 768px) 100vw, 768px\" \/><\/figure>\n\n\n\n<figure class=\"wp-block-image size-large\"><img loading=\"lazy\" decoding=\"async\" width=\"576\" height=\"1024\" data-id=\"198\" src=\"https:\/\/www.blitz-re.in\/wp-content\/uploads\/2023\/04\/pic_7-576x1024.jpg\" alt=\"\" class=\"wp-image-198\" srcset=\"https:\/\/www.blitz-re.in\/wp-content\/uploads\/2023\/04\/pic_7-576x1024.jpg 576w, https:\/\/www.blitz-re.in\/wp-content\/uploads\/2023\/04\/pic_7-169x300.jpg 169w, https:\/\/www.blitz-re.in\/wp-content\/uploads\/2023\/04\/pic_7-768x1365.jpg 768w, https:\/\/www.blitz-re.in\/wp-content\/uploads\/2023\/04\/pic_7-865x1536.jpg 865w, https:\/\/www.blitz-re.in\/wp-content\/uploads\/2023\/04\/pic_7.jpg 1048w\" sizes=\"auto, (max-width: 576px) 100vw, 576px\" \/><\/figure>\n\n\n\n<figure class=\"wp-block-image size-large\"><img loading=\"lazy\" decoding=\"async\" width=\"576\" height=\"1024\" data-id=\"199\" src=\"https:\/\/www.blitz-re.in\/wp-content\/uploads\/2023\/04\/pic_8-576x1024.jpg\" alt=\"\" class=\"wp-image-199\" srcset=\"https:\/\/www.blitz-re.in\/wp-content\/uploads\/2023\/04\/pic_8-576x1024.jpg 576w, https:\/\/www.blitz-re.in\/wp-content\/uploads\/2023\/04\/pic_8-169x300.jpg 169w, https:\/\/www.blitz-re.in\/wp-content\/uploads\/2023\/04\/pic_8-768x1365.jpg 768w, https:\/\/www.blitz-re.in\/wp-content\/uploads\/2023\/04\/pic_8-865x1536.jpg 865w, https:\/\/www.blitz-re.in\/wp-content\/uploads\/2023\/04\/pic_8.jpg 1048w\" sizes=\"auto, (max-width: 576px) 100vw, 576px\" \/><\/figure>\n<\/figure>\n","protected":false},"excerpt":{"rendered":"<p>Grundreinigung: sauber, gesch\u00fctzt, werterhaltend Bei der Grundreinigung entfernen wir tiefsitzende Verschmutzungen und alte Pflegefilme von allen g\u00e4ngigen Bodenbel\u00e4gen \u2013 ob PVC, Kautschuk, Linoleum, Parkett, Laminat oder Stein. Im Anschluss wird der Boden mit einer hochwertigen Pflegedispersion neu beschichtet oder \u2013 bei Parkett \u2013 fachgerecht versiegelt. Das Ergebnis: eine sichtbar verbesserte Optik und ein langfristiger Schutz [&hellip;]<\/p>\n","protected":false},"author":1,"featured_media":0,"parent":0,"menu_order":0,"comment_status":"closed","ping_status":"closed","template":"","meta":{"footnotes":""},"class_list":["post-58","page","type-page","status-publish","hentry"],"_links":{"self":[{"href":"https:\/\/www.blitz-re.in\/index.php?rest_route=\/wp\/v2\/pages\/58","targetHints":{"allow":["GET"]}}],"collection":[{"href":"https:\/\/www.blitz-re.in\/index.php?rest_route=\/wp\/v2\/pages"}],"about":[{"href":"https:\/\/www.blitz-re.in\/index.php?rest_route=\/wp\/v2\/types\/page"}],"author":[{"embeddable":true,"href":"https:\/\/www.blitz-re.in\/index.php?rest_route=\/wp\/v2\/users\/1"}],"replies":[{"embeddable":true,"href":"https:\/\/www.blitz-re.in\/index.php?rest_route=%2Fwp%2Fv2%2Fcomments&post=58"}],"version-history":[{"count":10,"href":"https:\/\/www.blitz-re.in\/index.php?rest_route=\/wp\/v2\/pages\/58\/revisions"}],"predecessor-version":[{"id":255,"href":"https:\/\/www.blitz-re.in\/index.php?rest_route=\/wp\/v2\/pages\/58\/revisions\/255"}],"wp:attachment":[{"href":"https:\/\/www.blitz-re.in\/index.php?rest_route=%2Fwp%2Fv2%2Fmedia&parent=58"}],"curies":[{"name":"wp","href":"https:\/\/api.w.org\/{rel}","templated":true}]}}