{"id":70,"date":"2022-01-17T20:30:26","date_gmt":"2022-01-17T19:30:26","guid":{"rendered":"https:\/\/www.blitz-re.in\/?page_id=70"},"modified":"2022-01-17T20:52:56","modified_gmt":"2022-01-17T19:52:56","slug":"baureinigung","status":"publish","type":"page","link":"https:\/\/www.blitz-re.in\/?page_id=70","title":{"rendered":"Baureinigung"},"content":{"rendered":"\n<p>Ob Neubau oder Sanierung, wir reinigen Ihr Objekt bezugsfertig, frei von jeglichen R\u00fcckst\u00e4nden des Handwerkerschmutzes. <\/p>\n\n\n\n<p>Dazu z\u00e4hlen Baugrobreinigung, Bauzwischenreinigung und Baufeinreinigung sowie die Entsorgung von Baumischabf\u00e4llen.<\/p>\n","protected":false},"excerpt":{"rendered":"<p>Ob Neubau oder Sanierung, wir reinigen Ihr Objekt bezugsfertig, frei von jeglichen R\u00fcckst\u00e4nden des Handwerkerschmutzes. Dazu z\u00e4hlen Baugrobreinigung, Bauzwischenreinigung und Baufeinreinigung sowie die Entsorgung von Baumischabf\u00e4llen.<\/p>\n","protected":false},"author":1,"featured_media":0,"parent":0,"menu_order":0,"comment_status":"closed","ping_status":"closed","template":"","meta":{"footnotes":""},"class_list":["post-70","page","type-page","status-publish","hentry"],"_links":{"self":[{"href":"https:\/\/www.blitz-re.in\/index.php?rest_route=\/wp\/v2\/pages\/70","targetHints":{"allow":["GET"]}}],"collection":[{"href":"https:\/\/www.blitz-re.in\/index.php?rest_route=\/wp\/v2\/pages"}],"about":[{"href":"https:\/\/www.blitz-re.in\/index.php?rest_route=\/wp\/v2\/types\/page"}],"author":[{"embeddable":true,"href":"https:\/\/www.blitz-re.in\/index.php?rest_route=\/wp\/v2\/users\/1"}],"replies":[{"embeddable":true,"href":"https:\/\/www.blitz-re.in\/index.php?rest_route=%2Fwp%2Fv2%2Fcomments&post=70"}],"version-history":[{"count":2,"href":"https:\/\/www.blitz-re.in\/index.php?rest_route=\/wp\/v2\/pages\/70\/revisions"}],"predecessor-version":[{"id":99,"href":"https:\/\/www.blitz-re.in\/index.php?rest_route=\/wp\/v2\/pages\/70\/revisions\/99"}],"wp:attachment":[{"href":"https:\/\/www.blitz-re.in\/index.php?rest_route=%2Fwp%2Fv2%2Fmedia&parent=70"}],"curies":[{"name":"wp","href":"https:\/\/api.w.org\/{rel}","templated":true}]}}