{"id":72,"date":"2022-01-17T20:30:27","date_gmt":"2022-01-17T19:30:27","guid":{"rendered":"https:\/\/www.blitz-re.in\/?page_id=72"},"modified":"2025-11-21T10:51:53","modified_gmt":"2025-11-21T09:51:53","slug":"unterhaltsreinigung","status":"publish","type":"page","link":"https:\/\/www.blitz-re.in\/?page_id=72","title":{"rendered":"Unterhaltsreinigung"},"content":{"rendered":"\n<h2 class=\"wp-block-heading\">Unterhaltsreinigung: zuverl\u00e4ssig, gr\u00fcndlich, strukturiert<\/h2>\n\n\n\n<p>Wir sorgen mit regelm\u00e4\u00dfigen Reinigungsintervallen f\u00fcr dauerhaft gepflegte und hygienische Geb\u00e4ude.<br>Unsere Unterhaltsreinigung umfasst die gr\u00fcndliche Reinigung von Sanit\u00e4rbereichen, Mobiliar und Fu\u00dfb\u00f6den sowie die zuverl\u00e4ssige M\u00fcllentsorgung \u2013 in B\u00fcros, Schulen, Kitas und sozialen Einrichtungen. <\/p>\n\n\n\n<p>So bleibt der gew\u00fcnschte Sauberkeitsstandard jederzeit erhalten.<\/p>\n\n\n\n<p>Nachfolgend zeigen wir Ihnen eine Auswahl unserer <strong>Referenzarbeiten<\/strong>.<\/p>\n\n\n\n<figure class=\"wp-block-gallery has-nested-images columns-4 is-cropped wp-block-gallery-1 is-layout-flex wp-block-gallery-is-layout-flex\">\n<figure class=\"wp-block-image size-large\"><img loading=\"lazy\" decoding=\"async\" width=\"300\" height=\"400\" data-id=\"229\" src=\"https:\/\/www.blitz-re.in\/wp-content\/uploads\/2025\/11\/email1728908019191IMG_1681_small.jpg\" alt=\"\" class=\"wp-image-229\"\/><\/figure>\n\n\n\n<figure class=\"wp-block-image size-large\"><img loading=\"lazy\" decoding=\"async\" width=\"300\" height=\"400\" data-id=\"228\" src=\"https:\/\/www.blitz-re.in\/wp-content\/uploads\/2025\/11\/email1728908009728IMG_1680_small.jpg\" alt=\"\" class=\"wp-image-228\"\/><\/figure>\n\n\n\n<figure class=\"wp-block-image size-large\"><img loading=\"lazy\" decoding=\"async\" width=\"300\" height=\"400\" data-id=\"227\" src=\"https:\/\/www.blitz-re.in\/wp-content\/uploads\/2025\/11\/email1728907967679IMG_0701_small.jpg\" alt=\"\" class=\"wp-image-227\"\/><\/figure>\n\n\n\n<figure class=\"wp-block-image size-large\"><img loading=\"lazy\" decoding=\"async\" width=\"300\" height=\"400\" data-id=\"234\" src=\"https:\/\/www.blitz-re.in\/wp-content\/uploads\/2025\/11\/email1728908359039IMG_5549_small.jpg\" alt=\"\" class=\"wp-image-234\"\/><\/figure>\n\n\n\n<figure class=\"wp-block-image size-large\"><img loading=\"lazy\" decoding=\"async\" width=\"300\" height=\"400\" data-id=\"233\" src=\"https:\/\/www.blitz-re.in\/wp-content\/uploads\/2025\/11\/email1728908341937IMG_5547_small.jpg\" alt=\"\" class=\"wp-image-233\"\/><\/figure>\n\n\n\n<figure class=\"wp-block-image size-large\"><img loading=\"lazy\" decoding=\"async\" width=\"300\" height=\"400\" data-id=\"232\" src=\"https:\/\/www.blitz-re.in\/wp-content\/uploads\/2025\/11\/email1728908048703IMG_1684_small.jpg\" alt=\"\" class=\"wp-image-232\"\/><\/figure>\n\n\n\n<figure class=\"wp-block-image size-large\"><img loading=\"lazy\" decoding=\"async\" width=\"300\" height=\"400\" data-id=\"231\" src=\"https:\/\/www.blitz-re.in\/wp-content\/uploads\/2025\/11\/email1728908038678IMG_1683_small.jpg\" alt=\"\" class=\"wp-image-231\"\/><\/figure>\n\n\n\n<figure class=\"wp-block-image size-large\"><img loading=\"lazy\" decoding=\"async\" width=\"300\" height=\"400\" data-id=\"230\" src=\"https:\/\/www.blitz-re.in\/wp-content\/uploads\/2025\/11\/email1728908028845IMG_1682_small.jpg\" alt=\"\" class=\"wp-image-230\"\/><\/figure>\n<\/figure>\n\n\n\n<figure class=\"wp-block-gallery has-nested-images columns-4 is-cropped wp-block-gallery-2 is-layout-flex wp-block-gallery-is-layout-flex\">\n<figure class=\"wp-block-image size-large\"><img loading=\"lazy\" decoding=\"async\" width=\"600\" height=\"800\" data-id=\"154\" src=\"https:\/\/www.blitz-re.in\/wp-content\/uploads\/2022\/02\/IMG_0165-rotated.jpg\" alt=\"\" class=\"wp-image-154\" srcset=\"https:\/\/www.blitz-re.in\/wp-content\/uploads\/2022\/02\/IMG_0165-rotated.jpg 600w, https:\/\/www.blitz-re.in\/wp-content\/uploads\/2022\/02\/IMG_0165-225x300.jpg 225w\" sizes=\"auto, (max-width: 600px) 100vw, 600px\" \/><\/figure>\n\n\n\n<figure class=\"wp-block-image size-large\"><img loading=\"lazy\" decoding=\"async\" width=\"600\" height=\"800\" data-id=\"155\" src=\"https:\/\/www.blitz-re.in\/wp-content\/uploads\/2022\/02\/IMG_0166-rotated.jpg\" alt=\"\" class=\"wp-image-155\" srcset=\"https:\/\/www.blitz-re.in\/wp-content\/uploads\/2022\/02\/IMG_0166-rotated.jpg 600w, https:\/\/www.blitz-re.in\/wp-content\/uploads\/2022\/02\/IMG_0166-225x300.jpg 225w\" sizes=\"auto, (max-width: 600px) 100vw, 600px\" \/><\/figure>\n\n\n\n<figure class=\"wp-block-image size-large\"><img loading=\"lazy\" decoding=\"async\" width=\"600\" height=\"800\" data-id=\"156\" src=\"https:\/\/www.blitz-re.in\/wp-content\/uploads\/2022\/02\/IMG_0167-rotated.jpg\" alt=\"\" class=\"wp-image-156\" srcset=\"https:\/\/www.blitz-re.in\/wp-content\/uploads\/2022\/02\/IMG_0167-rotated.jpg 600w, https:\/\/www.blitz-re.in\/wp-content\/uploads\/2022\/02\/IMG_0167-225x300.jpg 225w\" sizes=\"auto, (max-width: 600px) 100vw, 600px\" \/><\/figure>\n\n\n\n<figure class=\"wp-block-image size-large\"><img loading=\"lazy\" decoding=\"async\" width=\"600\" height=\"800\" data-id=\"157\" src=\"https:\/\/www.blitz-re.in\/wp-content\/uploads\/2022\/02\/IMG_0168-rotated.jpg\" alt=\"\" class=\"wp-image-157\" srcset=\"https:\/\/www.blitz-re.in\/wp-content\/uploads\/2022\/02\/IMG_0168-rotated.jpg 600w, https:\/\/www.blitz-re.in\/wp-content\/uploads\/2022\/02\/IMG_0168-225x300.jpg 225w\" sizes=\"auto, (max-width: 600px) 100vw, 600px\" \/><\/figure>\n\n\n\n<figure class=\"wp-block-image size-large\"><img loading=\"lazy\" decoding=\"async\" width=\"600\" height=\"800\" data-id=\"158\" src=\"https:\/\/www.blitz-re.in\/wp-content\/uploads\/2022\/02\/IMG_0169-rotated.jpg\" alt=\"\" class=\"wp-image-158\" srcset=\"https:\/\/www.blitz-re.in\/wp-content\/uploads\/2022\/02\/IMG_0169-rotated.jpg 600w, https:\/\/www.blitz-re.in\/wp-content\/uploads\/2022\/02\/IMG_0169-225x300.jpg 225w\" sizes=\"auto, (max-width: 600px) 100vw, 600px\" \/><\/figure>\n\n\n\n<figure class=\"wp-block-image size-large\"><img loading=\"lazy\" decoding=\"async\" width=\"600\" height=\"800\" data-id=\"159\" src=\"https:\/\/www.blitz-re.in\/wp-content\/uploads\/2022\/02\/IMG_0170-rotated.jpg\" alt=\"\" class=\"wp-image-159\" srcset=\"https:\/\/www.blitz-re.in\/wp-content\/uploads\/2022\/02\/IMG_0170-rotated.jpg 600w, https:\/\/www.blitz-re.in\/wp-content\/uploads\/2022\/02\/IMG_0170-225x300.jpg 225w\" sizes=\"auto, (max-width: 600px) 100vw, 600px\" \/><\/figure>\n\n\n\n<figure class=\"wp-block-image size-large\"><img loading=\"lazy\" decoding=\"async\" width=\"600\" height=\"800\" data-id=\"160\" src=\"https:\/\/www.blitz-re.in\/wp-content\/uploads\/2022\/02\/IMG_0171-rotated.jpg\" alt=\"\" class=\"wp-image-160\" srcset=\"https:\/\/www.blitz-re.in\/wp-content\/uploads\/2022\/02\/IMG_0171-rotated.jpg 600w, https:\/\/www.blitz-re.in\/wp-content\/uploads\/2022\/02\/IMG_0171-225x300.jpg 225w\" sizes=\"auto, (max-width: 600px) 100vw, 600px\" \/><\/figure>\n<\/figure>\n","protected":false},"excerpt":{"rendered":"<p>Unterhaltsreinigung: zuverl\u00e4ssig, gr\u00fcndlich, strukturiert Wir sorgen mit regelm\u00e4\u00dfigen Reinigungsintervallen f\u00fcr dauerhaft gepflegte und hygienische Geb\u00e4ude.Unsere Unterhaltsreinigung umfasst die gr\u00fcndliche Reinigung von Sanit\u00e4rbereichen, Mobiliar und Fu\u00dfb\u00f6den sowie die zuverl\u00e4ssige M\u00fcllentsorgung \u2013 in B\u00fcros, Schulen, Kitas und sozialen Einrichtungen. So bleibt der gew\u00fcnschte Sauberkeitsstandard jederzeit erhalten. Nachfolgend zeigen wir Ihnen eine Auswahl unserer Referenzarbeiten.<\/p>\n","protected":false},"author":1,"featured_media":0,"parent":0,"menu_order":0,"comment_status":"closed","ping_status":"closed","template":"","meta":{"footnotes":""},"class_list":["post-72","page","type-page","status-publish","hentry"],"_links":{"self":[{"href":"https:\/\/www.blitz-re.in\/index.php?rest_route=\/wp\/v2\/pages\/72","targetHints":{"allow":["GET"]}}],"collection":[{"href":"https:\/\/www.blitz-re.in\/index.php?rest_route=\/wp\/v2\/pages"}],"about":[{"href":"https:\/\/www.blitz-re.in\/index.php?rest_route=\/wp\/v2\/types\/page"}],"author":[{"embeddable":true,"href":"https:\/\/www.blitz-re.in\/index.php?rest_route=\/wp\/v2\/users\/1"}],"replies":[{"embeddable":true,"href":"https:\/\/www.blitz-re.in\/index.php?rest_route=%2Fwp%2Fv2%2Fcomments&post=72"}],"version-history":[{"count":9,"href":"https:\/\/www.blitz-re.in\/index.php?rest_route=\/wp\/v2\/pages\/72\/revisions"}],"predecessor-version":[{"id":235,"href":"https:\/\/www.blitz-re.in\/index.php?rest_route=\/wp\/v2\/pages\/72\/revisions\/235"}],"wp:attachment":[{"href":"https:\/\/www.blitz-re.in\/index.php?rest_route=%2Fwp%2Fv2%2Fmedia&parent=72"}],"curies":[{"name":"wp","href":"https:\/\/api.w.org\/{rel}","templated":true}]}}