{"id":73,"date":"2022-01-17T20:30:28","date_gmt":"2022-01-17T19:30:28","guid":{"rendered":"https:\/\/www.blitz-re.in\/?page_id=73"},"modified":"2025-11-21T10:41:01","modified_gmt":"2025-11-21T09:41:01","slug":"parkett","status":"publish","type":"page","link":"https:\/\/www.blitz-re.in\/?page_id=73","title":{"rendered":"Parkett"},"content":{"rendered":"\n<h2 class=\"wp-block-heading\"><strong>Parkett &#8211; Pflege, Reinigung und Impr\u00e4gnierung<\/strong><\/h2>\n\n\n\n<p>Ein gepflegter Parkettboden wirkt einladend, wertig und langlebig. Wir \u00fcbernehmen die fachgerechte Reinigung, Pflege und Impr\u00e4gnierung, damit Ihr Boden seinen nat\u00fcrlichen Glanz beh\u00e4lt und optimal gesch\u00fctzt bleibt. Wir beraten Sie umfassend und unverbindlich.<\/p>\n\n\n\n<p>Die Kosten f\u00fcr unsere Parkettleistungen ermitteln wir nach einer kostenlosen Objektbesichtigung und individueller Abstimmung.<\/p>\n\n\n\n<p>Nachfolgend finden Sie eine Auswahl unserer Referenzarbeiten im Bereich Parkettpflege.<\/p>\n\n\n\n<p><strong>Sanierung Parkett Burg Beeskow<\/strong><\/p>\n\n\n\n<figure class=\"wp-block-gallery has-nested-images columns-5 is-cropped wp-block-gallery-1 is-layout-flex wp-block-gallery-is-layout-flex\">\n<figure class=\"wp-block-image size-large\"><img loading=\"lazy\" decoding=\"async\" width=\"800\" height=\"600\" data-id=\"112\" src=\"https:\/\/www.blitz-re.in\/wp-content\/uploads\/2022\/01\/IMG_6692.png\" alt=\"\" class=\"wp-image-112\" srcset=\"https:\/\/www.blitz-re.in\/wp-content\/uploads\/2022\/01\/IMG_6692.png 800w, https:\/\/www.blitz-re.in\/wp-content\/uploads\/2022\/01\/IMG_6692-300x225.png 300w, https:\/\/www.blitz-re.in\/wp-content\/uploads\/2022\/01\/IMG_6692-768x576.png 768w\" sizes=\"auto, (max-width: 800px) 100vw, 800px\" \/><\/figure>\n\n\n\n<figure class=\"wp-block-image size-large\"><img loading=\"lazy\" decoding=\"async\" width=\"800\" height=\"600\" data-id=\"113\" src=\"https:\/\/www.blitz-re.in\/wp-content\/uploads\/2022\/01\/IMG_6693.png\" alt=\"\" class=\"wp-image-113\" srcset=\"https:\/\/www.blitz-re.in\/wp-content\/uploads\/2022\/01\/IMG_6693.png 800w, https:\/\/www.blitz-re.in\/wp-content\/uploads\/2022\/01\/IMG_6693-300x225.png 300w, https:\/\/www.blitz-re.in\/wp-content\/uploads\/2022\/01\/IMG_6693-768x576.png 768w\" sizes=\"auto, (max-width: 800px) 100vw, 800px\" \/><\/figure>\n\n\n\n<figure class=\"wp-block-image size-large\"><img loading=\"lazy\" decoding=\"async\" width=\"800\" height=\"600\" data-id=\"114\" src=\"https:\/\/www.blitz-re.in\/wp-content\/uploads\/2022\/01\/IMG_6694.png\" alt=\"\" class=\"wp-image-114\" srcset=\"https:\/\/www.blitz-re.in\/wp-content\/uploads\/2022\/01\/IMG_6694.png 800w, https:\/\/www.blitz-re.in\/wp-content\/uploads\/2022\/01\/IMG_6694-300x225.png 300w, https:\/\/www.blitz-re.in\/wp-content\/uploads\/2022\/01\/IMG_6694-768x576.png 768w\" sizes=\"auto, (max-width: 800px) 100vw, 800px\" \/><\/figure>\n\n\n\n<figure class=\"wp-block-image size-large\"><img loading=\"lazy\" decoding=\"async\" width=\"800\" height=\"600\" data-id=\"115\" src=\"https:\/\/www.blitz-re.in\/wp-content\/uploads\/2022\/01\/IMG_6695.png\" alt=\"\" class=\"wp-image-115\" srcset=\"https:\/\/www.blitz-re.in\/wp-content\/uploads\/2022\/01\/IMG_6695.png 800w, https:\/\/www.blitz-re.in\/wp-content\/uploads\/2022\/01\/IMG_6695-300x225.png 300w, https:\/\/www.blitz-re.in\/wp-content\/uploads\/2022\/01\/IMG_6695-768x576.png 768w\" sizes=\"auto, (max-width: 800px) 100vw, 800px\" \/><\/figure>\n\n\n\n<figure class=\"wp-block-image size-large\"><img loading=\"lazy\" decoding=\"async\" width=\"800\" height=\"600\" data-id=\"116\" src=\"https:\/\/www.blitz-re.in\/wp-content\/uploads\/2022\/01\/IMG_6696.png\" alt=\"\" class=\"wp-image-116\" srcset=\"https:\/\/www.blitz-re.in\/wp-content\/uploads\/2022\/01\/IMG_6696.png 800w, https:\/\/www.blitz-re.in\/wp-content\/uploads\/2022\/01\/IMG_6696-300x225.png 300w, https:\/\/www.blitz-re.in\/wp-content\/uploads\/2022\/01\/IMG_6696-768x576.png 768w\" sizes=\"auto, (max-width: 800px) 100vw, 800px\" \/><\/figure>\n\n\n\n<figure class=\"wp-block-image size-large\"><img loading=\"lazy\" decoding=\"async\" width=\"800\" height=\"600\" data-id=\"117\" src=\"https:\/\/www.blitz-re.in\/wp-content\/uploads\/2022\/01\/IMG_6698.png\" alt=\"\" class=\"wp-image-117\" srcset=\"https:\/\/www.blitz-re.in\/wp-content\/uploads\/2022\/01\/IMG_6698.png 800w, https:\/\/www.blitz-re.in\/wp-content\/uploads\/2022\/01\/IMG_6698-300x225.png 300w, https:\/\/www.blitz-re.in\/wp-content\/uploads\/2022\/01\/IMG_6698-768x576.png 768w\" sizes=\"auto, (max-width: 800px) 100vw, 800px\" \/><figcaption class=\"wp-element-caption\">Das Endergebnis<\/figcaption><\/figure>\n<\/figure>\n\n\n\n<p><strong>Sanierung Parkett Beispiel 2<\/strong><\/p>\n\n\n\n<figure class=\"wp-block-gallery has-nested-images columns-4 is-cropped wp-block-gallery-2 is-layout-flex wp-block-gallery-is-layout-flex\">\n<figure class=\"wp-block-image size-large\"><img loading=\"lazy\" decoding=\"async\" width=\"600\" height=\"800\" data-id=\"126\" src=\"https:\/\/www.blitz-re.in\/wp-content\/uploads\/2022\/01\/IMG_0349-1.jpg\" alt=\"\" class=\"wp-image-126\" srcset=\"https:\/\/www.blitz-re.in\/wp-content\/uploads\/2022\/01\/IMG_0349-1.jpg 600w, https:\/\/www.blitz-re.in\/wp-content\/uploads\/2022\/01\/IMG_0349-1-225x300.jpg 225w\" sizes=\"auto, (max-width: 600px) 100vw, 600px\" \/><\/figure>\n\n\n\n<figure class=\"wp-block-image size-large\"><img loading=\"lazy\" decoding=\"async\" width=\"600\" height=\"800\" data-id=\"128\" src=\"https:\/\/www.blitz-re.in\/wp-content\/uploads\/2022\/01\/IMG_0350.jpg\" alt=\"\" class=\"wp-image-128\" srcset=\"https:\/\/www.blitz-re.in\/wp-content\/uploads\/2022\/01\/IMG_0350.jpg 600w, https:\/\/www.blitz-re.in\/wp-content\/uploads\/2022\/01\/IMG_0350-225x300.jpg 225w\" sizes=\"auto, (max-width: 600px) 100vw, 600px\" \/><\/figure>\n\n\n\n<figure class=\"wp-block-image size-large\"><img loading=\"lazy\" decoding=\"async\" width=\"600\" height=\"800\" data-id=\"129\" src=\"https:\/\/www.blitz-re.in\/wp-content\/uploads\/2022\/01\/IMG_0351.jpg\" alt=\"\" class=\"wp-image-129\" srcset=\"https:\/\/www.blitz-re.in\/wp-content\/uploads\/2022\/01\/IMG_0351.jpg 600w, https:\/\/www.blitz-re.in\/wp-content\/uploads\/2022\/01\/IMG_0351-225x300.jpg 225w\" sizes=\"auto, (max-width: 600px) 100vw, 600px\" \/><\/figure>\n\n\n\n<figure class=\"wp-block-image size-large\"><img loading=\"lazy\" decoding=\"async\" width=\"600\" height=\"800\" data-id=\"130\" src=\"https:\/\/www.blitz-re.in\/wp-content\/uploads\/2022\/01\/IMG_0352.jpg\" alt=\"\" class=\"wp-image-130\" srcset=\"https:\/\/www.blitz-re.in\/wp-content\/uploads\/2022\/01\/IMG_0352.jpg 600w, https:\/\/www.blitz-re.in\/wp-content\/uploads\/2022\/01\/IMG_0352-225x300.jpg 225w\" sizes=\"auto, (max-width: 600px) 100vw, 600px\" \/><\/figure>\n\n\n\n<figure class=\"wp-block-image size-large\"><img loading=\"lazy\" decoding=\"async\" width=\"600\" height=\"800\" data-id=\"131\" src=\"https:\/\/www.blitz-re.in\/wp-content\/uploads\/2022\/01\/IMG_0353.jpg\" alt=\"\" class=\"wp-image-131\" srcset=\"https:\/\/www.blitz-re.in\/wp-content\/uploads\/2022\/01\/IMG_0353.jpg 600w, https:\/\/www.blitz-re.in\/wp-content\/uploads\/2022\/01\/IMG_0353-225x300.jpg 225w\" sizes=\"auto, (max-width: 600px) 100vw, 600px\" \/><figcaption class=\"wp-element-caption\">Das Endergebnis<\/figcaption><\/figure>\n<\/figure>\n","protected":false},"excerpt":{"rendered":"<p>Parkett &#8211; Pflege, Reinigung und Impr\u00e4gnierung Ein gepflegter Parkettboden wirkt einladend, wertig und langlebig. Wir \u00fcbernehmen die fachgerechte Reinigung, Pflege und Impr\u00e4gnierung, damit Ihr Boden seinen nat\u00fcrlichen Glanz beh\u00e4lt und optimal gesch\u00fctzt bleibt. Wir beraten Sie umfassend und unverbindlich. Die Kosten f\u00fcr unsere Parkettleistungen ermitteln wir nach einer kostenlosen Objektbesichtigung und individueller Abstimmung. Nachfolgend finden [&hellip;]<\/p>\n","protected":false},"author":1,"featured_media":0,"parent":0,"menu_order":0,"comment_status":"closed","ping_status":"closed","template":"","meta":{"footnotes":""},"class_list":["post-73","page","type-page","status-publish","hentry"],"_links":{"self":[{"href":"https:\/\/www.blitz-re.in\/index.php?rest_route=\/wp\/v2\/pages\/73","targetHints":{"allow":["GET"]}}],"collection":[{"href":"https:\/\/www.blitz-re.in\/index.php?rest_route=\/wp\/v2\/pages"}],"about":[{"href":"https:\/\/www.blitz-re.in\/index.php?rest_route=\/wp\/v2\/types\/page"}],"author":[{"embeddable":true,"href":"https:\/\/www.blitz-re.in\/index.php?rest_route=\/wp\/v2\/users\/1"}],"replies":[{"embeddable":true,"href":"https:\/\/www.blitz-re.in\/index.php?rest_route=%2Fwp%2Fv2%2Fcomments&post=73"}],"version-history":[{"count":13,"href":"https:\/\/www.blitz-re.in\/index.php?rest_route=\/wp\/v2\/pages\/73\/revisions"}],"predecessor-version":[{"id":225,"href":"https:\/\/www.blitz-re.in\/index.php?rest_route=\/wp\/v2\/pages\/73\/revisions\/225"}],"wp:attachment":[{"href":"https:\/\/www.blitz-re.in\/index.php?rest_route=%2Fwp%2Fv2%2Fmedia&parent=73"}],"curies":[{"name":"wp","href":"https:\/\/api.w.org\/{rel}","templated":true}]}}